{"id":5908,"date":"2022-11-07T13:10:41","date_gmt":"2022-11-07T13:10:41","guid":{"rendered":"https:\/\/www.attica21hotels.com\/nosotros\/"},"modified":"2025-01-20T17:54:45","modified_gmt":"2025-01-20T17:54:45","slug":"nosotros","status":"publish","type":"page","link":"https:\/\/www.attica21hotels.com\/fr\/nosotros\/","title":{"rendered":"Nous"},"content":{"rendered":"<div class=\"custom-blocks upt-24 upb-24 text-generic\" id=\"text-generic\">\r\n\t<div class=\"container\">\r\n\t\t<div class=\"row\">\r\n\t\t\t<div class=\"col-md-12 u-center\">\r\n\t\t\t\t\t\t\t\t\t<div class=\"text-generic-title\">\r\n\t\t\t\t\t\t<h1 class=\"text text--title62 umb-10\">\r\n\t\t\t\t\t\t\tC\u2019est \u00e7a, Attica 21 Hotels\t\t\t\t\t\t<\/h1>\r\n\t\t\t\t\t<\/div>\r\n\t\t\t\t\t\t\t\t\t\t\t<\/div>\r\n\t\t\t\t\t\t\t<div class=\"col-md-12 u-center\">\r\n\t\t\t\t\t<div class=\"text-generic-content text text--normal umt-0\">\r\n\t\t\t\t\t\t<p>Nous sommes une cha\u00eene d&#8217;h\u00f4tels et d&#8217;aparthotels qui r\u00e9pondent \u00e0 diff\u00e9rents segments et besoins : famille, affaires, loisirs, vacances, urbain, front de mer, dans des cadres naturels uniques, pr\u00e8s des centres urbains&#8230; en Galice, en Catalogne et \u00e0 Madrid.<\/p>\n\t\t\t\t\t<\/div>\r\n\t\t\t\t<\/div>\r\n\t\t\t\t\t<\/div>\r\n\t<\/div>\r\n<\/div>\r\n\r\n\r\n\n\n<div class=\"custom-blocks upt-24 upb-24 image-fullwidth-text text-generic\" id=\"image-fullwidth-text\">\n\t<div class=\"container\">\n\t\t<div class=\"row\">\n\t\t\t<div class=\"col-md-12\">\n\t\t\t\t<div class=\"caption caption--big\">\n\t\t\t\t\t\t\t\t\t\t<div class=\"caption__label\">\n\t\t\t\t\t\tLa meilleure option \u00e0 votre destination\t\t\t\t\t<\/div>\n\t\t\t\t\t\t\t\t\t\t<img decoding=\"async\" src=\"https:\/\/www.attica21hotels.com\/wp-content\/uploads\/2022\/11\/blog-beds_dormir-boca-arriba-1575x700.jpg\" alt=\"Beautiful woman stretching with pleasure in bed\">\n\t\t\t\t<\/div>\n\t\t\t<\/div>\n\t\t<\/div>\n\t<\/div>\n<\/div>\n\n\n<div class=\"custom-blocks upt-24 upb-24 text-generic\" id=\"text-generic\">\r\n\t<div class=\"container\">\r\n\t\t<div class=\"row\">\r\n\t\t\t<div class=\"col-md-12 u-center\">\r\n\t\t\t\t\t\t\t\t\t\t\t<\/div>\r\n\t\t\t\t\t\t\t<div class=\"col-md-12 u-center\">\r\n\t\t\t\t\t<div class=\"text-generic-content text text--normal umt-0\">\r\n\t\t\t\t\t\t<p>Des \u00e9tablissements modernes offrant un large \u00e9ventail de services, con\u00e7us pour offrir le meilleur service et la meilleure exp\u00e9rience aux clients, avec un bon rapport qualit\u00e9-prix et une restauration de qualit\u00e9.<\/p>\n\t\t\t\t\t<\/div>\r\n\t\t\t\t<\/div>\r\n\t\t\t\t\t<\/div>\r\n\t<\/div>\r\n<\/div>\r\n\r\n\r\n\n\n<div class=\"custom-blocks upt-24 upb-24 image-side-text text-generic\" id=\"image-side-text\">\n\t<div class=\"container\">\n\t\t<div class=\"row\">\n\t\t\t<div class=\"col-lg-10 offset-lg-1\">\n\t\t\t\t<div class=\"image-side-text__block block block--reverse umt-24 umb-24\">\n\t\t\t\t\t<div class=\"block__item block__item--5\">\n\t\t\t\t\t\t<div class=\"block__item__inside\">\n\t\t\t\t\t\t\t<p class=\"text text--blackersans text--title2 umb-10 umt-0\">\n\t\t\t\t\t\t\t\tHumain\t\t\t\t\t\t\t<\/p>\n\t\t\t\t\t\t\t<div class=\"text text--normal umb-0 umt-0\">\n\t\t\t\t\t\t\t\t<p>Attica21 Hotels est compos\u00e9 d&#8217;une \u00e9quipe professionnelle de personnes d\u00e9sireuses de s&#8217;am\u00e9liorer et de se diff\u00e9rencier, avec l&#8217;enthousiasme comme d\u00e9nominateur commun et l&#8217;effort comme moteur. Nous cherchons non seulement \u00e0 servir nos clients, mais aussi \u00e0 cr\u00e9er des liens de confiance.<\/p>\n\t\t\t\t\t\t\t<\/div>\n\t\t\t\t\t\t<\/div>\n\t\t\t\t\t<\/div>\n\t\t\t\t\t<div class=\"block__item block__item--7\">\n\t\t\t\t\t\t<img decoding=\"async\" src=\"https:\/\/www.attica21hotels.com\/wp-content\/uploads\/2022\/11\/2022-11-07-10_13_15-\u25b6-\ud83d\udda5-Desktop-Attica21-\u00b7-UI-\u2014-Mozilla-Firefox.png\" alt=\"2022-11-07 10_13_15-\u25b6 \ud83d\udda5 Desktop - Attica21 \u00b7 UI \u2014 Mozilla Firefox\">\n\t\t\t\t\t<\/div>\n\t\t\t\t<\/div>\n\t\t\t<\/div>\n\t\t<\/div>\n\t<\/div>\n<\/div>\n\n\n<div class=\"custom-blocks upt-24 upb-24 image-side-text text-generic\" id=\"image-side-text\">\n\t<div class=\"container\">\n\t\t<div class=\"row\">\n\t\t\t<div class=\"col-lg-10 offset-lg-1\">\n\t\t\t\t<div class=\"image-side-text__block block  umt-24 umb-24\">\n\t\t\t\t\t<div class=\"block__item block__item--5\">\n\t\t\t\t\t\t<div class=\"block__item__inside\">\n\t\t\t\t\t\t\t<p class=\"text text--blackersans text--title2 umb-10 umt-0\">\n\t\t\t\t\t\t\t\tExcellence\t\t\t\t\t\t\t<\/p>\n\t\t\t\t\t\t\t<div class=\"text text--normal umb-0 umt-0\">\n\t\t\t\t\t\t\t\t<p>Notre objectif est d&#8217;offrir un service d&#8217;excellence \u00e0 nos clients, en ajoutant de la valeur \u00e0 leurs exp\u00e9riences gr\u00e2ce au d\u00e9vouement et \u00e0 l&#8217;innovation.<\/p>\n\t\t\t\t\t\t\t<\/div>\n\t\t\t\t\t\t<\/div>\n\t\t\t\t\t<\/div>\n\t\t\t\t\t<div class=\"block__item block__item--7\">\n\t\t\t\t\t\t<img decoding=\"async\" src=\"https:\/\/www.attica21hotels.com\/wp-content\/uploads\/2022\/11\/2022-11-07-10_15_23-\u25b6-\ud83d\udda5-Desktop-Attica21-\u00b7-UI-\u2014-Mozilla-Firefox.png\" alt=\"2022-11-07 10_15_23-\u25b6 \ud83d\udda5 Desktop - Attica21 \u00b7 UI \u2014 Mozilla Firefox\">\n\t\t\t\t\t<\/div>\n\t\t\t\t<\/div>\n\t\t\t<\/div>\n\t\t<\/div>\n\t<\/div>\n<\/div>\n\n\n<div class=\"custom-blocks upt-24 upb-24 image-side-text text-generic\" id=\"image-side-text\">\n\t<div class=\"container\">\n\t\t<div class=\"row\">\n\t\t\t<div class=\"col-lg-10 offset-lg-1\">\n\t\t\t\t<div class=\"image-side-text__block block block--reverse umt-24 umb-24\">\n\t\t\t\t\t<div class=\"block__item block__item--5\">\n\t\t\t\t\t\t<div class=\"block__item__inside\">\n\t\t\t\t\t\t\t<p class=\"text text--blackersans text--title2 umb-10 umt-0\">\n\t\t\t\t\t\t\t\tOrient\u00e9 vers le client\t\t\t\t\t\t\t<\/p>\n\t\t\t\t\t\t\t<div class=\"text text--normal umb-0 umt-0\">\n\t\t\t\t\t\t\t\t<p>Nous mettons \u00e0 la disposition de nos clients toute notre exp\u00e9rience et nos connaissances. Nous croyons en l&#8217;effort, l&#8217;humilit\u00e9 et la passion dans notre travail et nous revendiquons la valeur du sourire et de l&#8217;attention comme les plus grandes vertus de notre \u00e9quipe.<\/p>\n\t\t\t\t\t\t\t<\/div>\n\t\t\t\t\t\t<\/div>\n\t\t\t\t\t<\/div>\n\t\t\t\t\t<div class=\"block__item block__item--7\">\n\t\t\t\t\t\t<img decoding=\"async\" src=\"https:\/\/www.attica21hotels.com\/wp-content\/uploads\/2022\/11\/2022-11-07-10_16_36-\u25b6-\ud83d\udda5-Desktop-Attica21-\u00b7-UI-\u2014-Mozilla-Firefox.png\" alt=\"2022-11-07 10_16_36-\u25b6 \ud83d\udda5 Desktop - Attica21 \u00b7 UI \u2014 Mozilla Firefox\">\n\t\t\t\t\t<\/div>\n\t\t\t\t<\/div>\n\t\t\t<\/div>\n\t\t<\/div>\n\t<\/div>\n<\/div>\n","protected":false},"excerpt":{"rendered":"","protected":false},"author":6,"featured_media":0,"parent":0,"menu_order":0,"comment_status":"closed","ping_status":"closed","template":"","meta":{"_acf_changed":false,"footnotes":""},"class_list":["post-5908","page","type-page","status-publish","hentry"],"acf":[],"yoast_head":"<!-- This site is optimized with the Yoast SEO Premium plugin v27.1 (Yoast SEO v27.5) - https:\/\/yoast.com\/product\/yoast-seo-premium-wordpress\/ -->\n<title>\u00c0 propos de nous | Attica21<\/title>\n<meta name=\"description\" content=\"Attica21 Hotels : h\u00e9bergements en Galice, Catalogne et Madrid avec des services exclusifs et un engagement envers la qualit\u00e9 et la durabilit\u00e9. D\u00e9couvrez une exp\u00e9rience unique !\" \/>\n<meta name=\"robots\" content=\"index, follow, max-snippet:-1, max-image-preview:large, max-video-preview:-1\" \/>\n<link rel=\"canonical\" href=\"https:\/\/www.attica21hotels.com\/fr\/nosotros\/\" \/>\n<meta property=\"og:locale\" content=\"fr_FR\" \/>\n<meta property=\"og:type\" content=\"article\" \/>\n<meta property=\"og:title\" content=\"Nous\" \/>\n<meta property=\"og:description\" content=\"Attica21 Hotels : h\u00e9bergements en Galice, Catalogne et Madrid avec des services exclusifs et un engagement envers la qualit\u00e9 et la durabilit\u00e9. D\u00e9couvrez une exp\u00e9rience unique !\" \/>\n<meta property=\"og:url\" content=\"https:\/\/www.attica21hotels.com\/fr\/nosotros\/\" \/>\n<meta property=\"og:site_name\" content=\"Attica21Hotels\" \/>\n<meta property=\"article:modified_time\" content=\"2025-01-20T17:54:45+00:00\" \/>\n<meta name=\"twitter:card\" content=\"summary_large_image\" \/>\n<script type=\"application\/ld+json\" class=\"yoast-schema-graph\">{\"@context\":\"https:\\\/\\\/schema.org\",\"@graph\":[{\"@type\":\"WebPage\",\"@id\":\"https:\\\/\\\/www.attica21hotels.com\\\/fr\\\/nosotros\\\/\",\"url\":\"https:\\\/\\\/www.attica21hotels.com\\\/fr\\\/nosotros\\\/\",\"name\":\"\u00c0 propos de nous | Attica21\",\"isPartOf\":{\"@id\":\"https:\\\/\\\/www.attica21hotels.com\\\/fr\\\/#website\"},\"datePublished\":\"2022-11-07T13:10:41+00:00\",\"dateModified\":\"2025-01-20T17:54:45+00:00\",\"description\":\"Attica21 Hotels : h\u00e9bergements en Galice, Catalogne et Madrid avec des services exclusifs et un engagement envers la qualit\u00e9 et la durabilit\u00e9. D\u00e9couvrez une exp\u00e9rience unique !\",\"breadcrumb\":{\"@id\":\"https:\\\/\\\/www.attica21hotels.com\\\/fr\\\/nosotros\\\/#breadcrumb\"},\"inLanguage\":\"fr-FR\",\"potentialAction\":[{\"@type\":\"ReadAction\",\"target\":[\"https:\\\/\\\/www.attica21hotels.com\\\/fr\\\/nosotros\\\/\"]}]},{\"@type\":\"BreadcrumbList\",\"@id\":\"https:\\\/\\\/www.attica21hotels.com\\\/fr\\\/nosotros\\\/#breadcrumb\",\"itemListElement\":[{\"@type\":\"ListItem\",\"position\":1,\"name\":\"Portada\",\"item\":\"https:\\\/\\\/www.attica21hotels.com\\\/fr\\\/\"},{\"@type\":\"ListItem\",\"position\":2,\"name\":\"Nous\"}]},{\"@type\":\"WebSite\",\"@id\":\"https:\\\/\\\/www.attica21hotels.com\\\/fr\\\/#website\",\"url\":\"https:\\\/\\\/www.attica21hotels.com\\\/fr\\\/\",\"name\":\"Attica21Hotels\",\"description\":\"Web oficial de la cadena de hoteles Attica21. Elige tu destino y reserva online al mejor precio.\",\"publisher\":{\"@id\":\"https:\\\/\\\/www.attica21hotels.com\\\/fr\\\/#organization\"},\"potentialAction\":[{\"@type\":\"SearchAction\",\"target\":{\"@type\":\"EntryPoint\",\"urlTemplate\":\"https:\\\/\\\/www.attica21hotels.com\\\/fr\\\/?s={search_term_string}\"},\"query-input\":{\"@type\":\"PropertyValueSpecification\",\"valueRequired\":true,\"valueName\":\"search_term_string\"}}],\"inLanguage\":\"fr-FR\"},{\"@type\":\"Organization\",\"@id\":\"https:\\\/\\\/www.attica21hotels.com\\\/fr\\\/#organization\",\"name\":\"Attica21Hotels\",\"url\":\"https:\\\/\\\/www.attica21hotels.com\\\/fr\\\/\",\"logo\":{\"@type\":\"ImageObject\",\"inLanguage\":\"fr-FR\",\"@id\":\"https:\\\/\\\/www.attica21hotels.com\\\/fr\\\/#\\\/schema\\\/logo\\\/image\\\/\",\"url\":\"https:\\\/\\\/www.attica21hotels.com\\\/wp-content\\\/uploads\\\/2024\\\/11\\\/logo-attica21.jpg\",\"contentUrl\":\"https:\\\/\\\/www.attica21hotels.com\\\/wp-content\\\/uploads\\\/2024\\\/11\\\/logo-attica21.jpg\",\"width\":250,\"height\":91,\"caption\":\"Attica21Hotels\"},\"image\":{\"@id\":\"https:\\\/\\\/www.attica21hotels.com\\\/fr\\\/#\\\/schema\\\/logo\\\/image\\\/\"}}]}<\/script>\n<!-- \/ Yoast SEO Premium plugin. -->","yoast_head_json":{"title":"\u00c0 propos de nous | Attica21","description":"Attica21 Hotels : h\u00e9bergements en Galice, Catalogne et Madrid avec des services exclusifs et un engagement envers la qualit\u00e9 et la durabilit\u00e9. D\u00e9couvrez une exp\u00e9rience unique !","robots":{"index":"index","follow":"follow","max-snippet":"max-snippet:-1","max-image-preview":"max-image-preview:large","max-video-preview":"max-video-preview:-1"},"canonical":"https:\/\/www.attica21hotels.com\/fr\/nosotros\/","og_locale":"fr_FR","og_type":"article","og_title":"Nous","og_description":"Attica21 Hotels : h\u00e9bergements en Galice, Catalogne et Madrid avec des services exclusifs et un engagement envers la qualit\u00e9 et la durabilit\u00e9. D\u00e9couvrez une exp\u00e9rience unique !","og_url":"https:\/\/www.attica21hotels.com\/fr\/nosotros\/","og_site_name":"Attica21Hotels","article_modified_time":"2025-01-20T17:54:45+00:00","twitter_card":"summary_large_image","schema":{"@context":"https:\/\/schema.org","@graph":[{"@type":"WebPage","@id":"https:\/\/www.attica21hotels.com\/fr\/nosotros\/","url":"https:\/\/www.attica21hotels.com\/fr\/nosotros\/","name":"\u00c0 propos de nous | Attica21","isPartOf":{"@id":"https:\/\/www.attica21hotels.com\/fr\/#website"},"datePublished":"2022-11-07T13:10:41+00:00","dateModified":"2025-01-20T17:54:45+00:00","description":"Attica21 Hotels : h\u00e9bergements en Galice, Catalogne et Madrid avec des services exclusifs et un engagement envers la qualit\u00e9 et la durabilit\u00e9. D\u00e9couvrez une exp\u00e9rience unique !","breadcrumb":{"@id":"https:\/\/www.attica21hotels.com\/fr\/nosotros\/#breadcrumb"},"inLanguage":"fr-FR","potentialAction":[{"@type":"ReadAction","target":["https:\/\/www.attica21hotels.com\/fr\/nosotros\/"]}]},{"@type":"BreadcrumbList","@id":"https:\/\/www.attica21hotels.com\/fr\/nosotros\/#breadcrumb","itemListElement":[{"@type":"ListItem","position":1,"name":"Portada","item":"https:\/\/www.attica21hotels.com\/fr\/"},{"@type":"ListItem","position":2,"name":"Nous"}]},{"@type":"WebSite","@id":"https:\/\/www.attica21hotels.com\/fr\/#website","url":"https:\/\/www.attica21hotels.com\/fr\/","name":"Attica21Hotels","description":"Web oficial de la cadena de hoteles Attica21. Elige tu destino y reserva online al mejor precio.","publisher":{"@id":"https:\/\/www.attica21hotels.com\/fr\/#organization"},"potentialAction":[{"@type":"SearchAction","target":{"@type":"EntryPoint","urlTemplate":"https:\/\/www.attica21hotels.com\/fr\/?s={search_term_string}"},"query-input":{"@type":"PropertyValueSpecification","valueRequired":true,"valueName":"search_term_string"}}],"inLanguage":"fr-FR"},{"@type":"Organization","@id":"https:\/\/www.attica21hotels.com\/fr\/#organization","name":"Attica21Hotels","url":"https:\/\/www.attica21hotels.com\/fr\/","logo":{"@type":"ImageObject","inLanguage":"fr-FR","@id":"https:\/\/www.attica21hotels.com\/fr\/#\/schema\/logo\/image\/","url":"https:\/\/www.attica21hotels.com\/wp-content\/uploads\/2024\/11\/logo-attica21.jpg","contentUrl":"https:\/\/www.attica21hotels.com\/wp-content\/uploads\/2024\/11\/logo-attica21.jpg","width":250,"height":91,"caption":"Attica21Hotels"},"image":{"@id":"https:\/\/www.attica21hotels.com\/fr\/#\/schema\/logo\/image\/"}}]}},"_links":{"self":[{"href":"https:\/\/www.attica21hotels.com\/fr\/wp-json\/wp\/v2\/pages\/5908","targetHints":{"allow":["GET"]}}],"collection":[{"href":"https:\/\/www.attica21hotels.com\/fr\/wp-json\/wp\/v2\/pages"}],"about":[{"href":"https:\/\/www.attica21hotels.com\/fr\/wp-json\/wp\/v2\/types\/page"}],"author":[{"embeddable":true,"href":"https:\/\/www.attica21hotels.com\/fr\/wp-json\/wp\/v2\/users\/6"}],"replies":[{"embeddable":true,"href":"https:\/\/www.attica21hotels.com\/fr\/wp-json\/wp\/v2\/comments?post=5908"}],"version-history":[{"count":1,"href":"https:\/\/www.attica21hotels.com\/fr\/wp-json\/wp\/v2\/pages\/5908\/revisions"}],"predecessor-version":[{"id":30131,"href":"https:\/\/www.attica21hotels.com\/fr\/wp-json\/wp\/v2\/pages\/5908\/revisions\/30131"}],"wp:attachment":[{"href":"https:\/\/www.attica21hotels.com\/fr\/wp-json\/wp\/v2\/media?parent=5908"}],"curies":[{"name":"wp","href":"https:\/\/api.w.org\/{rel}","templated":true}]}}