{"id":5959,"date":"2022-11-01T16:04:28","date_gmt":"2022-11-01T16:04:28","guid":{"rendered":"https:\/\/www.attica21hotels.com\/politica-de-privacidad\/"},"modified":"2026-03-09T12:51:57","modified_gmt":"2026-03-09T12:51:57","slug":"politica-de-privacidad","status":"publish","type":"page","link":"https:\/\/www.attica21hotels.com\/fr\/politica-de-privacidad\/","title":{"rendered":"Politique de confidentialit\u00e9"},"content":{"rendered":"<div class=\"custom-blocks upt-24 upb-24 text-generic\" id=\"text-generic\">\r\n\t<div class=\"container\">\r\n\t\t<div class=\"row\">\r\n\t\t\t<div class=\"col-md-12 u-center\">\r\n\t\t\t\t\t\t\t\t\t\t\t<\/div>\r\n\t\t\t\t\t<\/div>\r\n\t<\/div>\r\n<\/div>\r\n\r\n\r\n\n\n<div class=\"custom-blocks upt-24 upb-24 text-generic\" id=\"text-generic\">\r\n\t<div class=\"container\">\r\n\t\t<div class=\"row\">\r\n\t\t\t<div class=\"col-md-12 u-center\">\r\n\t\t\t\t\t\t\t\t\t<div class=\"text-generic-title\">\r\n\t\t\t\t\t\t<h1 class=\"text text--title62 umb-10\">\r\n\t\t\t\t\t\t\tPolitique de confidentialit\u00e9\t\t\t\t\t\t<\/h1>\r\n\t\t\t\t\t<\/div>\r\n\t\t\t\t\t\t\t\t\t\t\t<\/div>\r\n\t\t\t\t\t\t\t<div class=\"col-md-12 u-center\">\r\n\t\t\t\t\t<div class=\"text-generic-content text text--normal umt-0\">\r\n\t\t\t\t\t\t<p style=\"text-align: left;\">La pr\u00e9sente politique de confidentialit\u00e9 s&#8217;applique au traitement des donn\u00e9es personnelles effectu\u00e9 par Attica21 lorsque vous utilisez notre site internet et souscrivez \u00e0 l&#8217;un des services que nous proposons \u00e0 nos clients et utilisateurs.<\/p>\n<h3 style=\"text-align: left;\"><strong>1.-<\/strong> <b>IDENTIT\u00c9 ET COORDONN\u00c9ES DU RESPONSABLE<\/b><\/h3>\n<p style=\"text-align: left;\">Toutes les donn\u00e9es personnelles fournies (ci-apr\u00e8s \u00ab <b>donn\u00e9es personnelles<\/b> \u00bb) seront int\u00e9gr\u00e9es au registre des activit\u00e9s de traitement appartenant \u00e0 Attica21 Hoteles, S.L.U. (\u00ab <b>Attica21 <\/b>\u00bb), dont le si\u00e8ge social est situ\u00e9 Avenida Linares Rivas, n\u00ba 1-4, bajo, (15005) \u2013 A Coru\u00f1a (La Corogne, Espagne) et dont le num\u00e9ro d&#8217;identification fiscale est le B- 70.201.553.<\/p>\n<h3 style=\"text-align: left;\"><b>2.- SOURCES \u00c0 PARTIR DESQUELLES NOUS RE\u00c7EVONS LES INFORMATIONS DE NOS CLIENTS<\/b><\/h3>\n<p style=\"text-align: left;\">Nous pouvons recevoir vos donn\u00e9es personnelles via deux sources ou canaux d&#8217;information :<\/p>\n<ul style=\"text-align: left;\">\n<li>Directement de nos utilisateurs, lorsqu&#8217;ils acc\u00e8dent \u00e0 notre site internet et nous contactent directement.<\/li>\n<li>Par l&#8217;interm\u00e9diaire de partenaires et collaborateurs tels que des agences de voyage, des moteurs de r\u00e9servation et des plateformes de r\u00e9servations en ligne avec lesquels la r\u00e9servation a \u00e9t\u00e9 effectu\u00e9e pour l&#8217;un des \u00e9tablissements d&#8217;Attica21.<\/li>\n<\/ul>\n<p style=\"text-align: left;\">Dans les deux cas, nous traiterons les informations, y compris les donn\u00e9es personnelles, \u00e0 l&#8217;une des fins \u00e9nonc\u00e9es ci-dessous.<\/p>\n<h3 style=\"text-align: left;\">3.-\u00a0<b>FINALIT\u00c9S ET BASES L\u00c9GALES DU TRAITEMEN<\/b><\/h3>\n<p style=\"text-align: left;\">Vous trouverez ci-apr\u00e8s les finalit\u00e9s du traitement et les types de donn\u00e9es utilis\u00e9es.<\/p>\n<ol style=\"text-align: left;\" type=\"A\">\n<li><b>Gestion des r\u00e9servations. <\/b>Nous traiterons vos informations personnelles afin de g\u00e9rer votre r\u00e9servation dans l&#8217;un des \u00e9tablissements Attica21. Ces informations comprennent votre \u00e9tat civil (nom et pr\u00e9nom), vos coordonn\u00e9es (num\u00e9ro de t\u00e9l\u00e9phone, adresses \u00e9lectronique et postale), les informations relatives aux modes de paiement, ainsi que toute autre information que vous nous fournissez concernant des demandes particuli\u00e8res (y compris vos go\u00fbts et pr\u00e9f\u00e9rences).<br \/>\nDe la m\u00eame mani\u00e8re, nous vous informons que, conform\u00e9ment \u00e0 nos obligations l\u00e9gales, nous pouvons collecter, lors de votre r\u00e9servation des informations suppl\u00e9mentaires concernant les autres voyageurs, en vertu des dispositions de l&#8217;Annexe I du D\u00e9cret royal 933\/2021 du 26 octobre 2021, qui impose l&#8217;enregistrement obligatoire des documents d\u2019identit\u00e9 pour toute personne physique ou morale exer\u00e7ant des activit\u00e9s d&#8217;h\u00e9bergement (ou toute autre r\u00e9glementation susceptible de le modifier \u00e0 l&#8217;avenir). Ces informations comprennent des informations sur l\u2019ensemble des voyageurs, notamment leurs nom et pr\u00e9nom, nationalit\u00e9, date de naissance, lieu de r\u00e9sidence habituel, coordonn\u00e9es et lien de parent\u00e9, entre autres.<br \/>\nLa base l\u00e9gale concernant le traitement de vos donn\u00e9es personnelles est votre consentement manifest\u00e9 au moment de la r\u00e9servation, l&#8217;ex\u00e9cution du contrat de prestation de services souscrit avec Attica21, ainsi que le respect de nos obligations l\u00e9gales.<\/li>\n<li><b>Service clients. <\/b>Nous traiterons les informations que vous nous fournissez gr\u00e2ce aux formulaires et canaux de contact disponibles sur notre site internet, telles que : le nom, le pr\u00e9nom, l\u2019adresse \u00e9lectronique ainsi que les autres informations que vous nous fournissez, afin que notre \u00e9quipe puisse vous contacter et r\u00e9pondre de mani\u00e8re adapt\u00e9e \u00e0 votre demande.<br \/>\nAttica21 met notamment \u00e0 disposition des utilisateurs un assistant virtuel disponible 24 heures\/24 pour r\u00e9pondre \u00e0 leurs questions. Cet assistant est un agent conversationnel bas\u00e9 sur l&#8217;intelligence artificielle qui fournit aux utilisateurs les informations relatives aux services propos\u00e9s sur le site internet, ainsi qu&#8217;une assistance pour la gestion de leur r\u00e9servation. Nous rappelons aux utilisateurs que l&#8217;assistant virtuel est un robot -et n\u2019est donc pas g\u00e9r\u00e9 par des \u00eatres humains. Cependant, si les utilisateurs le souhaitent, leur demande sera transmise \u00e0 l&#8217;un de nos agents.<br \/>\nLorsque les utilisateurs contactent Attica21 pour demander des informations, y compris via l\u2019assistant virtuel, nous sommes autoris\u00e9s \u00e0 collecter leurs coordonn\u00e9es, la description de leur demande, les r\u00e9ponses \u00e9ventuelles ou toute autre information que l&#8217;utilisateur peut fournir volontairement au cours de la conversation. Les informations fournies peuvent \u00eatre examin\u00e9es par nos \u00e9quipes afin d&#8217;am\u00e9liorer les r\u00e9sultats et l&#8217;apprentissage de l\u2019assistant virtuel, ainsi que pour traiter votre demande de mani\u00e8re personnalis\u00e9e.<br \/>\nLa base l\u00e9gale concernant le traitement de vos donn\u00e9es personnelles est votre consentement manifest\u00e9 au moment o\u00f9 vous remplissez le formulaire de contact et\/ou envoyez vos demandes via les canaux de contact mis \u00e0 disposition. De la m\u00eame mani\u00e8re, dans le cas d&#8217;une demande li\u00e9e \u00e0 une r\u00e9servation existante, la base juridique pour son traitement sera l&#8217;ex\u00e9cution de la prestation convenue avec vous.<\/li>\n<li><b>Services fournis dans nos \u00e9tablissements. <\/b>Lorsque vous acc\u00e9dez \u00e0 nos installations, nous pouvons \u00e9galement traiter vos donn\u00e9es personnelles afin de vous fournir des services de restauration et de loisirs. La base l\u00e9gale concernant le traitement de vos donn\u00e9es personnelles est votre consentement, ainsi que l&#8217;ex\u00e9cution du contrat pour la prestation du service demand\u00e9.<br \/>\nNous pouvons \u00e9galement traiter vos donn\u00e9es personnelles \u00e0 des fins de vid\u00e9osurveillance, dans le but de garantir la s\u00e9curit\u00e9 de nos installations. Le traitement de vos donn\u00e9es personnelles est justifi\u00e9 par notre int\u00e9r\u00eat l\u00e9gitime. Les donn\u00e9es personnelles ainsi collect\u00e9es seront conserv\u00e9es pendant un mois, puis d\u00e9truites, sauf si nous devons les conserver pour les besoins d&#8217;une enqu\u00eate et\/ou \u00e0 la demande des autorit\u00e9s comp\u00e9tentes.<\/li>\n<li><b>Envoi d\u2019offres commerciales. <\/b>Si vous avez express\u00e9ment accept\u00e9 de recevoir des offres commerciales via notre site internet ou les canaux pr\u00e9vus \u00e0 cet effet, nous traiterons vos coordonn\u00e9es afin de vous envoyer ledit contenu. De la m\u00eame mani\u00e8re, si les utilisateurs ont souscrit \u00e0 l&#8217;un des services d&#8217;Attica21, nous aurons \u00e9galement la possibilit\u00e9 de les contacter pour leur pr\u00e9senter d&#8217;autres produits et services similaires.<br \/>\nLa base l\u00e9gale concernant le traitement de vos donn\u00e9es personnelles est le consentement de la personne concern\u00e9e, manifest\u00e9 par son inscription \u00e0 l&#8217;envoi d\u2019offres commerciales. De la m\u00eame mani\u00e8re, sur la base de l&#8217;int\u00e9r\u00eat l\u00e9gitime, nous pouvons envoyer aux utilisateurs des informations sur des produits et services similaires \u00e0 ceux pr\u00e9c\u00e9demment souscrits.<br \/>\nSi vous ne souhaitez plus recevoir d\u2019offres commerciales par courrier \u00e9lectronique, vous pouvez, \u00e0 tout moment, contacter notre \u00e9quipe en utilisant le lien de d\u00e9sabonnement aux offres commerciales disponible dans chaque courrier \u00e9lectronique, ou en envoyant un mail \u00e0 <a href=\"mailto:rgpd@attica21hotels.com\">rgpd@attica21hotels.com<\/a>.<\/li>\n<li><b>Informations sur l&#8217;acc\u00e8s et l&#8217;utilisation de notre site interne.\u00a0<\/b>Nous pouvons \u00e9galement collecter des informations sur l&#8217;utilisation que vous faites, en tant qu&#8217;utilisateur, de notre site internet. Ces informations concernent le type d&#8217;\u00e9quipement ou d&#8217;appareil \u00e0 partir duquel vous acc\u00e9dez \u00e0 nos contenus, ainsi que d&#8217;autres donn\u00e9es et habitudes de navigation, telles que la langue, l&#8217;adresse IP, le moteur de recherche, la date et l&#8217;heure, entre autres.<br \/>\nCes informations sont collect\u00e9es \u00e0 l&#8217;aide de cookies, sur la base de notre int\u00e9r\u00eat l\u00e9gitime, car elles nous permettent d&#8217;am\u00e9liorer l&#8217;apparence et la fonctionnalit\u00e9 de notre site internet.<br \/>\nPour plus d&#8217;informations, veuillez consulter notre <a href=\"https:\/\/www.attica21hotels.com\/fr\/politica-de-cookies\/\">Politique en mati\u00e8re de cookies<\/a>.<\/li>\n<li><b>Respect des obligations l\u00e9gales.\u00a0<\/b>Si les autorit\u00e9s administratives ou les tribunaux comp\u00e9tents le demandent, Attica21 pourra communiquer les donn\u00e9es personnelles que vous nous avez fournies. L&#8217;utilisation de vos donn\u00e9es \u00e0 ces fins est l\u00e9gitim\u00e9e par le respect d&#8217;une obligation l\u00e9gale, ainsi que par notre int\u00e9r\u00eat l\u00e9gitime \u00e0 prot\u00e9ger nos droits, ceux de nos partenaires et de nos employ\u00e9s.<br \/>\nAttica21 ne traitera pas les informations que vous nous fournissez \u00e0 des fins autres que celles d\u00e9crites ci-dessus.<\/li>\n<\/ol>\n<h3 style=\"text-align: left;\">4.- <b>DUR\u00c9E DE CONSERVATION DE VOS DONN\u00c9ES PERSONNELLES<\/b><b>\u00a0<\/b><\/h3>\n<p style=\"text-align: left;\">Vos donn\u00e9es personnelles seront conserv\u00e9es par Attica21 pendant toute la dur\u00e9e n\u00e9cessaire \u00e0 la r\u00e9alisation des finalit\u00e9s pour lesquelles elles ont \u00e9t\u00e9 collect\u00e9es, y compris le respect de toute obligation l\u00e9gale et\/ou financi\u00e8re.<\/p>\n<p style=\"text-align: left;\">Pour d\u00e9terminer la dur\u00e9e de conservation, nous tenons compte du volume, de la nature et de la sensibilit\u00e9 des donn\u00e9es personnelles que nous collectons, des d\u00e9lais de prescription applicables, du risque potentiel de pr\u00e9judice li\u00e9 \u00e0 l&#8217;acc\u00e8s non autoris\u00e9 ou \u00e0 la divulgation des donn\u00e9es personnelles, des finalit\u00e9s pour lesquelles nous traitons vos donn\u00e9es personnelles et, enfin, de la possibilit\u00e9 d&#8217;atteindre ces finalit\u00e9s par d&#8217;autres moyens.<\/p>\n<p style=\"text-align: left;\">Vous pouvez r\u00e9voquer votre consentement au traitement de vos donn\u00e9es personnelles \u00e0 tout moment. Pour ce faire, il vous suffit d&#8217;envoyer une demande \u00e9crite \u00e0 l&#8217;adresse \u00e9lectronique rgpd@attica21hotels.com ou postale : Avenida Linares Rivas, n\u00ba 1-4, bajo, entreplanta (15005) &#8211; A Coru\u00f1a (La Corogne).<\/p>\n<h3 style=\"text-align: left;\">5.- <b>MESURES DE S\u00c9CURIT\u00c9<\/b><\/h3>\n<p style=\"text-align: left;\">Attica21 traitera vos donn\u00e9es personnelles de mani\u00e8re strictement confidentielle. De la m\u00eame mani\u00e8re, Attica21 a mis en place des mesures techniques et organisationnelles ad\u00e9quates pour garantir la s\u00e9curit\u00e9 de vos donn\u00e9es personnelles et \u00e9viter leur destruction, leur perte, leur acc\u00e8s illicite ou leur alt\u00e9ration illicite. Lors de la d\u00e9termination de ces mesures, des crit\u00e8res tels que la port\u00e9e, le contexte et les finalit\u00e9s du traitement, l&#8217;\u00e9tat de la technique et les risques existants ont \u00e9t\u00e9 pris en compte.<\/p>\n<h3 style=\"text-align: left;\">6.- <b>DESTINATAIRES DES DONN\u00c9ES \u00c0 CARACT\u00c8RE PERSONNEL<\/b><\/h3>\n<p style=\"text-align: left;\">Vos donn\u00e9es \u00e0 caract\u00e8re personnel ne seront jamais c\u00e9d\u00e9es \u00e0 des tiers, sauf dans les cas o\u00f9 il existe une obligation l\u00e9gale ou lorsque cela est n\u00e9cessaire pour la r\u00e9alisation d&#8217;une finalit\u00e9 du traitement.<\/p>\n<p style=\"text-align: left;\">Dans ce dernier cas, et afin de pouvoir atteindre les finalit\u00e9s mentionn\u00e9es ci-dessus, Attica21 pourra communiquer et\/ou donner acc\u00e8s \u00e0 vos donn\u00e9es personnelles \u00e0 la soci\u00e9t\u00e9 Inveravante Inversiones Universales, S.L., appartenant \u00e0 son groupe d&#8217;entreprises.<\/p>\n<p style=\"text-align: left;\">Nous pouvons \u00e9galement partager vos donn\u00e9es personnelles avec des prestataires de services tiers, tels que des agences de publicit\u00e9, de marketing ou des services d&#8217;h\u00e9bergement en ligne. Ces tiers, sous-traitants d&#8217;Attica21, appliquent les mesures n\u00e9cessaires pour prot\u00e9ger la confidentialit\u00e9, l&#8217;int\u00e9grit\u00e9 et la s\u00e9curit\u00e9 de vos donn\u00e9es personnelles, conform\u00e9ment aux derni\u00e8res normes de l&#8217;industrie, et avec lesquels un accord de sous-traitance a \u00e9t\u00e9 sign\u00e9.<\/p>\n<p style=\"text-align: left;\">Enfin, nous communiquerons vos donn\u00e9es personnelles aux autorit\u00e9s comp\u00e9tentes lorsque vous utiliserez nos installations en tant que client, et ce, conform\u00e9ment \u00e0 nos obligations l\u00e9gales en tant que prestataire de services d&#8217;h\u00e9bergement.<\/p>\n<h3 style=\"text-align: left;\"><b>7.- TRANSFERTS INTERNATIONAUX<\/b><\/h3>\n<p style=\"text-align: left;\">Dans certains cas, il peut \u00eatre n\u00e9cessaire de partager des donn\u00e9es personnelles avec des tiers afin de garantir la bonne prestation des services. Lorsque ces tiers sont situ\u00e9s en dehors de l&#8217;Espace \u00e9conomique europ\u00e9en (EEE), Attica21 garantit un niveau ad\u00e9quat de protection des donn\u00e9es transf\u00e9r\u00e9es et met en \u0153uvre les mesures et garanties appropri\u00e9es pour prot\u00e9ger l&#8217;int\u00e9grit\u00e9, la confidentialit\u00e9 et la s\u00e9curit\u00e9 des donn\u00e9es, en souscrivant par exemple aux Clauses Contractuelles Types approuv\u00e9es par la Commission europ\u00e9enne.<\/p>\n<h3 style=\"text-align: left;\">8.- <b>DROITS<\/b><\/h3>\n<p style=\"text-align: left;\">Vous pouvez exercer vos droits d&#8217;acc\u00e8s, de rectification, de suppression, d&#8217;opposition, de limitation du traitement, de portabilit\u00e9, ainsi que votre droit de ne pas faire l&#8217;objet de d\u00e9cisions automatis\u00e9es, dans les conditions pr\u00e9vues par la r\u00e9glementation en vigueur, gratuitement et \u00e0 tout moment.<\/p>\n<p style=\"text-align: left;\">Dans certaines circonstances, lorsqu&#8217;un utilisateur exerce son droit d&#8217;opposition au traitement de ses donn\u00e9es personnelles, nous pouvons limiter l&#8217;exercice de ce droit pour des motifs l\u00e9gitimes pr\u00e9vus par la r\u00e9glementation en vigueur, ou pour la d\u00e9fense d&#8217;\u00e9ventuelles r\u00e9clamations futures.<\/p>\n<p style=\"text-align: left;\">Pour exercer les droits d\u00e9crits ci-dessus, vous devez vous adresser par \u00e9crit \u00e0 Attica21, par courrier \u00e9lectronique \u00e0 <a href=\"mailto:rgpd@attica21hotels.com\">rgpd@attica21hotels.com<\/a> ou postal \u00e0 Avenida Linares Rivas, n\u00ba 1, 2 et 3, bajo, entreplanta (15005) \u2013 A Coru\u00f1a (La Corogne), en indiquant dans l&#8217;objet \u00ab Exercice des droits en mati\u00e8re de protection des donn\u00e9es \u00bb et en pr\u00e9cisant dans votre demande le droit que vous souhaitez exercer.<\/p>\n<p style=\"text-align: left;\">Afin de traiter correctement votre demande, nous pouvons \u00eatre amen\u00e9s \u00e0 vous demander des informations suppl\u00e9mentaires pour confirmer votre identit\u00e9. L&#8217;exercice de ces droits ne donne lieu \u00e0 aucune contrepartie financi\u00e8re.<\/p>\n<p style=\"text-align: left;\">De la m\u00eame mani\u00e8re, si vous estimez que votre demande n&#8217;a pas \u00e9t\u00e9 trait\u00e9e correctement,\u00a0 nous vous informons que vous avez le droit de d\u00e9poser une r\u00e9clamation aupr\u00e8s de l&#8217;Agence Espagnole de Protection des Donn\u00e9es, \u00e0 l&#8217;aide des formulaires mis \u00e0 disposition \u00e0 cet effet sur son site internet : www.aepd.es. Cependant, nous vous serions reconnaissants de bien vouloir nous faire directement part de vos r\u00e9clamations avant de d\u00e9poser une r\u00e9clamation administrative.<\/p>\n<h3 style=\"text-align: left;\">9.-\u00a0<b>MISE \u00c0 JOUR DE LA POLITIQUE DE CONFIDENTIALIT\u00c9<\/b><\/h3>\n<p style=\"text-align: left;\">Attica21 peut r\u00e9viser et apporter des modifications \u00e0 la pr\u00e9sente politique de confidentialit\u00e9, afin de l&#8217;adapter \u00e0 la l\u00e9gislation en vigueur ou pour toute autre raison. Toute modification apport\u00e9e \u00e0 la pr\u00e9sente politique de confidentialit\u00e9 sera publi\u00e9e et, dans la mesure du possible, vous sera communiqu\u00e9e. Dans tous les cas, nous vous invitons \u00e0 consulter r\u00e9guli\u00e8rement le pr\u00e9sent document afin d&#8217;\u00eatre correctement inform\u00e9 en toutes circonstances.<\/p>\n<h3 style=\"text-align: left;\">10.- <b>CONTACT<\/b><\/h3>\n<p style=\"text-align: left;\">Si vous avez d&#8217;autres questions, souhaitez exercer l&#8217;un de vos droits ou avez des r\u00e9clamations concernant le contenu de la pr\u00e9sente politique de confidentialit\u00e9, vous pouvez nous envoyer un mail \u00e0 l&#8217;adresse \u00e9lectronique suivante\u00a0: <a href=\"mailto:rgpd@attica21hotels.com\">rgpd@attica21hotels.com<\/a>.<\/p>\n\t\t\t\t\t<\/div>\r\n\t\t\t\t<\/div>\r\n\t\t\t\t\t<\/div>\r\n\t<\/div>\r\n<\/div>\r\n\r\n\r\n","protected":false},"excerpt":{"rendered":"","protected":false},"author":6,"featured_media":0,"parent":0,"menu_order":0,"comment_status":"closed","ping_status":"closed","template":"","meta":{"_acf_changed":false,"footnotes":""},"class_list":["post-5959","page","type-page","status-publish","hentry"],"acf":[],"yoast_head":"<!-- This site is optimized with the Yoast SEO Premium plugin v27.1 (Yoast SEO v27.5) - https:\/\/yoast.com\/product\/yoast-seo-premium-wordpress\/ -->\n<title>Politique de confidentialit\u00e9 - Attica21<\/title>\n<meta name=\"robots\" content=\"index, follow, max-snippet:-1, max-image-preview:large, max-video-preview:-1\" \/>\n<link rel=\"canonical\" href=\"https:\/\/www.attica21hotels.com\/fr\/politica-de-privacidad\/\" \/>\n<meta property=\"og:locale\" content=\"fr_FR\" \/>\n<meta property=\"og:type\" content=\"article\" \/>\n<meta property=\"og:title\" content=\"Politique de confidentialit\u00e9\" \/>\n<meta property=\"og:url\" content=\"https:\/\/www.attica21hotels.com\/fr\/politica-de-privacidad\/\" \/>\n<meta property=\"og:site_name\" content=\"Attica21Hotels\" \/>\n<meta property=\"article:modified_time\" content=\"2026-03-09T12:51:57+00:00\" \/>\n<meta name=\"twitter:card\" content=\"summary_large_image\" \/>\n<script type=\"application\/ld+json\" class=\"yoast-schema-graph\">{\"@context\":\"https:\\\/\\\/schema.org\",\"@graph\":[{\"@type\":\"WebPage\",\"@id\":\"https:\\\/\\\/www.attica21hotels.com\\\/fr\\\/politica-de-privacidad\\\/\",\"url\":\"https:\\\/\\\/www.attica21hotels.com\\\/fr\\\/politica-de-privacidad\\\/\",\"name\":\"Politique de confidentialit\u00e9 - Attica21\",\"isPartOf\":{\"@id\":\"https:\\\/\\\/www.attica21hotels.com\\\/fr\\\/#website\"},\"datePublished\":\"2022-11-01T16:04:28+00:00\",\"dateModified\":\"2026-03-09T12:51:57+00:00\",\"breadcrumb\":{\"@id\":\"https:\\\/\\\/www.attica21hotels.com\\\/fr\\\/politica-de-privacidad\\\/#breadcrumb\"},\"inLanguage\":\"fr-FR\",\"potentialAction\":[{\"@type\":\"ReadAction\",\"target\":[\"https:\\\/\\\/www.attica21hotels.com\\\/fr\\\/politica-de-privacidad\\\/\"]}]},{\"@type\":\"BreadcrumbList\",\"@id\":\"https:\\\/\\\/www.attica21hotels.com\\\/fr\\\/politica-de-privacidad\\\/#breadcrumb\",\"itemListElement\":[{\"@type\":\"ListItem\",\"position\":1,\"name\":\"Portada\",\"item\":\"https:\\\/\\\/www.attica21hotels.com\\\/fr\\\/\"},{\"@type\":\"ListItem\",\"position\":2,\"name\":\"Politique de confidentialit\u00e9\"}]},{\"@type\":\"WebSite\",\"@id\":\"https:\\\/\\\/www.attica21hotels.com\\\/fr\\\/#website\",\"url\":\"https:\\\/\\\/www.attica21hotels.com\\\/fr\\\/\",\"name\":\"Attica21Hotels\",\"description\":\"Web oficial de la cadena de hoteles Attica21. Elige tu destino y reserva online al mejor precio.\",\"publisher\":{\"@id\":\"https:\\\/\\\/www.attica21hotels.com\\\/fr\\\/#organization\"},\"potentialAction\":[{\"@type\":\"SearchAction\",\"target\":{\"@type\":\"EntryPoint\",\"urlTemplate\":\"https:\\\/\\\/www.attica21hotels.com\\\/fr\\\/?s={search_term_string}\"},\"query-input\":{\"@type\":\"PropertyValueSpecification\",\"valueRequired\":true,\"valueName\":\"search_term_string\"}}],\"inLanguage\":\"fr-FR\"},{\"@type\":\"Organization\",\"@id\":\"https:\\\/\\\/www.attica21hotels.com\\\/fr\\\/#organization\",\"name\":\"Attica21Hotels\",\"url\":\"https:\\\/\\\/www.attica21hotels.com\\\/fr\\\/\",\"logo\":{\"@type\":\"ImageObject\",\"inLanguage\":\"fr-FR\",\"@id\":\"https:\\\/\\\/www.attica21hotels.com\\\/fr\\\/#\\\/schema\\\/logo\\\/image\\\/\",\"url\":\"https:\\\/\\\/www.attica21hotels.com\\\/wp-content\\\/uploads\\\/2024\\\/11\\\/logo-attica21.jpg\",\"contentUrl\":\"https:\\\/\\\/www.attica21hotels.com\\\/wp-content\\\/uploads\\\/2024\\\/11\\\/logo-attica21.jpg\",\"width\":250,\"height\":91,\"caption\":\"Attica21Hotels\"},\"image\":{\"@id\":\"https:\\\/\\\/www.attica21hotels.com\\\/fr\\\/#\\\/schema\\\/logo\\\/image\\\/\"}}]}<\/script>\n<!-- \/ Yoast SEO Premium plugin. -->","yoast_head_json":{"title":"Politique de confidentialit\u00e9 - Attica21","robots":{"index":"index","follow":"follow","max-snippet":"max-snippet:-1","max-image-preview":"max-image-preview:large","max-video-preview":"max-video-preview:-1"},"canonical":"https:\/\/www.attica21hotels.com\/fr\/politica-de-privacidad\/","og_locale":"fr_FR","og_type":"article","og_title":"Politique de confidentialit\u00e9","og_url":"https:\/\/www.attica21hotels.com\/fr\/politica-de-privacidad\/","og_site_name":"Attica21Hotels","article_modified_time":"2026-03-09T12:51:57+00:00","twitter_card":"summary_large_image","schema":{"@context":"https:\/\/schema.org","@graph":[{"@type":"WebPage","@id":"https:\/\/www.attica21hotels.com\/fr\/politica-de-privacidad\/","url":"https:\/\/www.attica21hotels.com\/fr\/politica-de-privacidad\/","name":"Politique de confidentialit\u00e9 - Attica21","isPartOf":{"@id":"https:\/\/www.attica21hotels.com\/fr\/#website"},"datePublished":"2022-11-01T16:04:28+00:00","dateModified":"2026-03-09T12:51:57+00:00","breadcrumb":{"@id":"https:\/\/www.attica21hotels.com\/fr\/politica-de-privacidad\/#breadcrumb"},"inLanguage":"fr-FR","potentialAction":[{"@type":"ReadAction","target":["https:\/\/www.attica21hotels.com\/fr\/politica-de-privacidad\/"]}]},{"@type":"BreadcrumbList","@id":"https:\/\/www.attica21hotels.com\/fr\/politica-de-privacidad\/#breadcrumb","itemListElement":[{"@type":"ListItem","position":1,"name":"Portada","item":"https:\/\/www.attica21hotels.com\/fr\/"},{"@type":"ListItem","position":2,"name":"Politique de confidentialit\u00e9"}]},{"@type":"WebSite","@id":"https:\/\/www.attica21hotels.com\/fr\/#website","url":"https:\/\/www.attica21hotels.com\/fr\/","name":"Attica21Hotels","description":"Web oficial de la cadena de hoteles Attica21. Elige tu destino y reserva online al mejor precio.","publisher":{"@id":"https:\/\/www.attica21hotels.com\/fr\/#organization"},"potentialAction":[{"@type":"SearchAction","target":{"@type":"EntryPoint","urlTemplate":"https:\/\/www.attica21hotels.com\/fr\/?s={search_term_string}"},"query-input":{"@type":"PropertyValueSpecification","valueRequired":true,"valueName":"search_term_string"}}],"inLanguage":"fr-FR"},{"@type":"Organization","@id":"https:\/\/www.attica21hotels.com\/fr\/#organization","name":"Attica21Hotels","url":"https:\/\/www.attica21hotels.com\/fr\/","logo":{"@type":"ImageObject","inLanguage":"fr-FR","@id":"https:\/\/www.attica21hotels.com\/fr\/#\/schema\/logo\/image\/","url":"https:\/\/www.attica21hotels.com\/wp-content\/uploads\/2024\/11\/logo-attica21.jpg","contentUrl":"https:\/\/www.attica21hotels.com\/wp-content\/uploads\/2024\/11\/logo-attica21.jpg","width":250,"height":91,"caption":"Attica21Hotels"},"image":{"@id":"https:\/\/www.attica21hotels.com\/fr\/#\/schema\/logo\/image\/"}}]}},"_links":{"self":[{"href":"https:\/\/www.attica21hotels.com\/fr\/wp-json\/wp\/v2\/pages\/5959","targetHints":{"allow":["GET"]}}],"collection":[{"href":"https:\/\/www.attica21hotels.com\/fr\/wp-json\/wp\/v2\/pages"}],"about":[{"href":"https:\/\/www.attica21hotels.com\/fr\/wp-json\/wp\/v2\/types\/page"}],"author":[{"embeddable":true,"href":"https:\/\/www.attica21hotels.com\/fr\/wp-json\/wp\/v2\/users\/6"}],"replies":[{"embeddable":true,"href":"https:\/\/www.attica21hotels.com\/fr\/wp-json\/wp\/v2\/comments?post=5959"}],"version-history":[{"count":3,"href":"https:\/\/www.attica21hotels.com\/fr\/wp-json\/wp\/v2\/pages\/5959\/revisions"}],"predecessor-version":[{"id":36595,"href":"https:\/\/www.attica21hotels.com\/fr\/wp-json\/wp\/v2\/pages\/5959\/revisions\/36595"}],"wp:attachment":[{"href":"https:\/\/www.attica21hotels.com\/fr\/wp-json\/wp\/v2\/media?parent=5959"}],"curies":[{"name":"wp","href":"https:\/\/api.w.org\/{rel}","templated":true}]}}